{"id":144,"date":"2013-08-20T15:08:59","date_gmt":"2013-08-20T13:08:59","guid":{"rendered":"https:\/\/www.italianaferrometalli.com\/?page_id=144"},"modified":"2023-05-31T16:03:12","modified_gmt":"2023-05-31T14:03:12","slug":"privacy","status":"publish","type":"page","link":"https:\/\/www.italianaferrometalli.com\/english\/privacy\/","title":{"rendered":"Privacy"},"content":{"rendered":"<p>Questo sito raccoglie alcuni Dati Personali dei propri Utenti.<\/p>\n<p><strong>Titolare del Trattamento dei Dati<\/strong><br \/>\nGaetano Lentini \u2013 Piazza IV Novembre, 4 \u2013 20124 Milano<br \/>\n<strong>Indirizzo email del Titolare<\/strong>: gaetano.lentini.pa@gmail.com <\/p>\n<p><strong>Tipologie di Dati raccolti<\/strong><br \/>\nI dati personali raccolti da questo sito, in modo autonomo o tramite terze parti, sono: nome, cognome, email, telefono e indirizzo.<\/p>\n<p><strong>Finalit\u00e0 del Trattamento dei Dati raccolti<\/strong><br \/>\nI Dati dell\u2019Utente sono raccolti per consentire al Titolare di fornire i propri servizi, cos\u00ec come per le seguenti finalit\u00e0:<\/p>\n<ul>\n<li>inviare preventivi<\/li>\n<li>rispondere alle richieste<\/li>\n<\/ul>\n<p><strong>Conferimento dei dati<\/strong><br \/>\nIl conferimento dei dati personali del cliente \u00e8 facoltativo.<\/p>\n<p><strong>Mancato consenso<\/strong><br \/>\nL\u2019eventuale mancato consenso al loro trattamento comporter\u00e0 l\u2019impossibilit\u00e0 di dar corso a successivi contatti e servizi. Per quanto riguarda i dati facoltativi, gli Utenti sono liberi di astenersi dal comunicare tali Dati, senza che ci\u00f2 abbia alcuna conseguenza sulla disponibilit\u00e0 del servizio o sulla sua operativit\u00e0.<br \/>\nL&#8217;Utente si assume la responsabilit\u00e0 dei Dati Personali di terzi ottenuti, pubblicati o condivisi mediante questo sito e garantisce di avere il diritto di comunicarli o diffonderli, liberando il Titolare da qualsiasi responsabilit\u00e0 verso terzi.<\/p>\n<p><strong>Modalit\u00e0 e luogo del trattamento dei Dati raccolti<\/strong><br \/>\nIl Titolare tratta i Dati Personali degli Utenti adottando le opportune misure di sicurezza volte ad impedire l\u2019accesso, la divulgazione, la modifica o la distruzione non autorizzate dei Dati Personali.<br \/>\nIl trattamento viene effettuato mediante strumenti informatici e\/o telematici, con modalit\u00e0 organizzative e con logiche strettamente correlate alle finalit\u00e0 indicate. <\/p>\n<p>A<strong> chi saranno comunicati i dati personali<\/strong><br \/>\nOltre al Titolare, in alcuni casi, potrebbero avere accesso ai Dati categorie di incaricati coinvolti nell\u2019organizzazione del sito (personale amministrativo, commerciale, marketing, legali, amministratori di sistema) ovvero soggetti esterni (come fornitori di servizi tecnici terzi, corrieri postali, hosting provider, societ\u00e0 informatiche, agenzie di comunicazione) nominati anche, se necessario, Responsabili del Trattamento da parte del Titolare. L\u2019elenco aggiornato dei Responsabili potr\u00e0 sempre essere richiesto al Titolare del Trattamento. <\/p>\n<p><strong>Luogo<\/strong><br \/>\nI Dati sono trattati presso le sedi operative del Titolare ed in ogni altro luogo in cui le parti coinvolte nel trattamento siano localizzate. Per ulteriori informazioni, contatta il Titolare.<\/p>\n<p><strong>Periodo di conservazione<\/strong><br \/>\nI Dati sono trattati per il tempo necessario allo svolgimento del servizio richiesto dall\u2019Utente.<\/p>\n<p><strong>Diritti dell\u2019Utente<\/strong><br \/>\nI soggetti cui si riferiscono i Dati Personali hanno il diritto in qualunque momento di chiedere la conferma dell&#8217;esistenza, il contenuto, l&#8217;origine, di verificarne l&#8217;esattezza, di chiederne la modifica, la cancellazione. Inoltre hanno diritto di chiederne il blocco in caso di violazione di legge, nonch\u00e9 di opporsi in ogni caso, per motivi legittimi, al loro trattamento.<br \/>\nLe richieste vanno rivolte al Titolare del Trattamento inviando una mail a gaetano.lentini.pa@gmail.com <\/p>\n<h1>I Cookies di questo sito<\/h1>\n<p><strong>Cookies di WordPress <\/strong><br \/>\nCookies di Navigazione \u2013 Tali cookies hanno la funzione esclusiva di riconoscimento degli utenti loggati permettendo la navigazione anche nelle aree riservate.<\/p>\n<p><strong>Google Analytics\u00a0 \u2013 Cookies di terze parti<\/strong><br \/>\nIfm srl utilizza questo tipo di servizio di analisi web fornito da <strong>Google Inc.<\/strong> per avere informazioni statistiche utili per valutare l\u2019uso del sito web e le attivit\u00e0 svolte da parte del visitatore. Google memorizza le informazioni raccolte dal cookie su server che possono essere dislocati anche negli Stati Uniti. Google si riserva di trasferire le informazioni raccolte con il suo cookie a terzi ove ci\u00f2 sia richiesto per legge o laddove il soggetto terzo processi informazioni per suo conto. Google non assocer\u00e0 il tuo indirizzo IP a nessun altro dato posseduto da Google al fine di ottenere un profilo dell\u2019utente di maggiore dettaglio.<\/p>\n<p><strong>Se vuoi impedire a Google Analytics di inviarti Cookies puoi farlo<\/strong><br \/>\nL\u2019Utente pu\u00f2 disabilitare in modo selettivo l\u2019azione di Google Analytics installando sul proprio browser il componente di opt-out fornito da Google. Per disabilitare la raccolta di dati da parte di Google Analytics, si rinvia al link di seguito indicato: <a href=\"https:\/\/tools.google.com\/dlpage\/gaoptout\" target=\"_blank\" rel=\"noopener\">https:\/\/tools.google.com\/dlpage\/gaoptout<\/a><\/p>\n","protected":false},"excerpt":{"rendered":"<p>Questo sito raccoglie alcuni Dati Personali dei propri Utenti. Titolare del Trattamento dei Dati Gaetano Lentini \u2013 Piazza IV Novembre, 4 \u2013 20124 Milano Indirizzo email del Titolare: gaetano.lentini.pa@gmail.com Tipologie di Dati raccolti I dati personali raccolti da questo sito, in modo autonomo o tramite terze parti, sono: nome, cognome, email, telefono e indirizzo. Finalit\u00e0 [&hellip;]<\/p>\n","protected":false},"author":1,"featured_media":0,"parent":0,"menu_order":0,"comment_status":"open","ping_status":"open","template":"","meta":{"_genesis_hide_title":false,"_genesis_hide_breadcrumbs":false,"_genesis_hide_singular_image":false,"_genesis_hide_footer_widgets":false,"_genesis_custom_body_class":"","_genesis_custom_post_class":"","_genesis_layout":"","footnotes":""},"class_list":{"0":"post-144","1":"page","2":"type-page","3":"status-publish","5":"entry"},"yoast_head":"<!-- This site is optimized with the Yoast SEO plugin v24.3 - https:\/\/yoast.com\/wordpress\/plugins\/seo\/ -->\n<title>Privacy - Italiana Ferro Metalli<\/title>\n<meta name=\"robots\" content=\"index, follow, max-snippet:-1, max-image-preview:large, max-video-preview:-1\" \/>\n<link rel=\"canonical\" href=\"https:\/\/www.italianaferrometalli.com\/english\/privacy\/\" \/>\n<meta property=\"og:locale\" content=\"it_IT\" \/>\n<meta property=\"og:type\" content=\"article\" \/>\n<meta property=\"og:title\" content=\"Privacy - Italiana Ferro Metalli\" \/>\n<meta property=\"og:description\" content=\"Questo sito raccoglie alcuni Dati Personali dei propri Utenti. Titolare del Trattamento dei Dati Gaetano Lentini \u2013 Piazza IV Novembre, 4 \u2013 20124 Milano Indirizzo email del Titolare: gaetano.lentini.pa@gmail.com Tipologie di Dati raccolti I dati personali raccolti da questo sito, in modo autonomo o tramite terze parti, sono: nome, cognome, email, telefono e indirizzo. Finalit\u00e0 [&hellip;]\" \/>\n<meta property=\"og:url\" content=\"https:\/\/www.italianaferrometalli.com\/english\/privacy\/\" \/>\n<meta property=\"og:site_name\" content=\"Italiana Ferro Metalli\" \/>\n<meta property=\"article:modified_time\" content=\"2023-05-31T14:03:12+00:00\" \/>\n<meta name=\"twitter:card\" content=\"summary_large_image\" \/>\n<meta name=\"twitter:label1\" content=\"Tempo di lettura stimato\" \/>\n\t<meta name=\"twitter:data1\" content=\"4 minuti\" \/>\n<script type=\"application\/ld+json\" class=\"yoast-schema-graph\">{\"@context\":\"https:\/\/schema.org\",\"@graph\":[{\"@type\":\"WebPage\",\"@id\":\"https:\/\/www.italianaferrometalli.com\/english\/privacy\/\",\"url\":\"https:\/\/www.italianaferrometalli.com\/english\/privacy\/\",\"name\":\"Privacy - Italiana Ferro Metalli\",\"isPartOf\":{\"@id\":\"https:\/\/www.italianaferrometalli.com\/english\/#website\"},\"datePublished\":\"2013-08-20T13:08:59+00:00\",\"dateModified\":\"2023-05-31T14:03:12+00:00\",\"breadcrumb\":{\"@id\":\"https:\/\/www.italianaferrometalli.com\/english\/privacy\/#breadcrumb\"},\"inLanguage\":\"it-IT\",\"potentialAction\":[{\"@type\":\"ReadAction\",\"target\":[\"https:\/\/www.italianaferrometalli.com\/english\/privacy\/\"]}]},{\"@type\":\"BreadcrumbList\",\"@id\":\"https:\/\/www.italianaferrometalli.com\/english\/privacy\/#breadcrumb\",\"itemListElement\":[{\"@type\":\"ListItem\",\"position\":1,\"name\":\"Home\",\"item\":\"https:\/\/www.italianaferrometalli.com\/english\/\"},{\"@type\":\"ListItem\",\"position\":2,\"name\":\"Privacy\"}]},{\"@type\":\"WebSite\",\"@id\":\"https:\/\/www.italianaferrometalli.com\/english\/#website\",\"url\":\"https:\/\/www.italianaferrometalli.com\/english\/\",\"name\":\"Italiana Ferro Metalli\",\"description\":\"\",\"potentialAction\":[{\"@type\":\"SearchAction\",\"target\":{\"@type\":\"EntryPoint\",\"urlTemplate\":\"https:\/\/www.italianaferrometalli.com\/english\/?s={search_term_string}\"},\"query-input\":{\"@type\":\"PropertyValueSpecification\",\"valueRequired\":true,\"valueName\":\"search_term_string\"}}],\"inLanguage\":\"it-IT\"}]}<\/script>\n<!-- \/ Yoast SEO plugin. -->","yoast_head_json":{"title":"Privacy - Italiana Ferro Metalli","robots":{"index":"index","follow":"follow","max-snippet":"max-snippet:-1","max-image-preview":"max-image-preview:large","max-video-preview":"max-video-preview:-1"},"canonical":"https:\/\/www.italianaferrometalli.com\/english\/privacy\/","og_locale":"it_IT","og_type":"article","og_title":"Privacy - Italiana Ferro Metalli","og_description":"Questo sito raccoglie alcuni Dati Personali dei propri Utenti. Titolare del Trattamento dei Dati Gaetano Lentini \u2013 Piazza IV Novembre, 4 \u2013 20124 Milano Indirizzo email del Titolare: gaetano.lentini.pa@gmail.com Tipologie di Dati raccolti I dati personali raccolti da questo sito, in modo autonomo o tramite terze parti, sono: nome, cognome, email, telefono e indirizzo. Finalit\u00e0 [&hellip;]","og_url":"https:\/\/www.italianaferrometalli.com\/english\/privacy\/","og_site_name":"Italiana Ferro Metalli","article_modified_time":"2023-05-31T14:03:12+00:00","twitter_card":"summary_large_image","twitter_misc":{"Tempo di lettura stimato":"4 minuti"},"schema":{"@context":"https:\/\/schema.org","@graph":[{"@type":"WebPage","@id":"https:\/\/www.italianaferrometalli.com\/english\/privacy\/","url":"https:\/\/www.italianaferrometalli.com\/english\/privacy\/","name":"Privacy - Italiana Ferro Metalli","isPartOf":{"@id":"https:\/\/www.italianaferrometalli.com\/english\/#website"},"datePublished":"2013-08-20T13:08:59+00:00","dateModified":"2023-05-31T14:03:12+00:00","breadcrumb":{"@id":"https:\/\/www.italianaferrometalli.com\/english\/privacy\/#breadcrumb"},"inLanguage":"it-IT","potentialAction":[{"@type":"ReadAction","target":["https:\/\/www.italianaferrometalli.com\/english\/privacy\/"]}]},{"@type":"BreadcrumbList","@id":"https:\/\/www.italianaferrometalli.com\/english\/privacy\/#breadcrumb","itemListElement":[{"@type":"ListItem","position":1,"name":"Home","item":"https:\/\/www.italianaferrometalli.com\/english\/"},{"@type":"ListItem","position":2,"name":"Privacy"}]},{"@type":"WebSite","@id":"https:\/\/www.italianaferrometalli.com\/english\/#website","url":"https:\/\/www.italianaferrometalli.com\/english\/","name":"Italiana Ferro Metalli","description":"","potentialAction":[{"@type":"SearchAction","target":{"@type":"EntryPoint","urlTemplate":"https:\/\/www.italianaferrometalli.com\/english\/?s={search_term_string}"},"query-input":{"@type":"PropertyValueSpecification","valueRequired":true,"valueName":"search_term_string"}}],"inLanguage":"it-IT"}]}},"_links":{"self":[{"href":"https:\/\/www.italianaferrometalli.com\/english\/wp-json\/wp\/v2\/pages\/144","targetHints":{"allow":["GET"]}}],"collection":[{"href":"https:\/\/www.italianaferrometalli.com\/english\/wp-json\/wp\/v2\/pages"}],"about":[{"href":"https:\/\/www.italianaferrometalli.com\/english\/wp-json\/wp\/v2\/types\/page"}],"author":[{"embeddable":true,"href":"https:\/\/www.italianaferrometalli.com\/english\/wp-json\/wp\/v2\/users\/1"}],"replies":[{"embeddable":true,"href":"https:\/\/www.italianaferrometalli.com\/english\/wp-json\/wp\/v2\/comments?post=144"}],"version-history":[{"count":2,"href":"https:\/\/www.italianaferrometalli.com\/english\/wp-json\/wp\/v2\/pages\/144\/revisions"}],"predecessor-version":[{"id":365,"href":"https:\/\/www.italianaferrometalli.com\/english\/wp-json\/wp\/v2\/pages\/144\/revisions\/365"}],"wp:attachment":[{"href":"https:\/\/www.italianaferrometalli.com\/english\/wp-json\/wp\/v2\/media?parent=144"}],"curies":[{"name":"wp","href":"https:\/\/api.w.org\/{rel}","templated":true}]}}